{"id":1558,"date":"2023-03-27T07:10:35","date_gmt":"2023-03-27T07:10:35","guid":{"rendered":"https:\/\/www.moveon-luzern.ch\/?page_id=1558"},"modified":"2025-10-06T21:38:32","modified_gmt":"2025-10-06T21:38:32","slug":"fitnessboxen","status":"publish","type":"page","link":"https:\/\/www.moveon-luzern.ch\/?page_id=1558","title":{"rendered":"FITNESSBOXEN"},"content":{"rendered":"\t\t<div data-elementor-type=\"wp-page\" data-elementor-id=\"1558\" class=\"elementor elementor-1558\" data-elementor-post-type=\"page\">\n\t\t\t\t\t\t<section class=\"elementor-section elementor-top-section elementor-element elementor-element-1fabdac elementor-section-height-min-height elementor-section-boxed elementor-section-height-default elementor-section-items-middle wpr-particle-no wpr-jarallax-no wpr-parallax-no wpr-sticky-section-no\" data-id=\"1fabdac\" data-element_type=\"section\" data-settings=\"{&quot;background_background&quot;:&quot;classic&quot;,&quot;shape_divider_bottom&quot;:&quot;tilt&quot;}\">\n\t\t\t\t\t\t\t<div class=\"elementor-background-overlay\"><\/div>\n\t\t\t\t\t\t<div class=\"elementor-shape elementor-shape-bottom\" aria-hidden=\"true\" data-negative=\"false\">\n\t\t\t<svg xmlns=\"http:\/\/www.w3.org\/2000\/svg\" viewBox=\"0 0 1000 100\" preserveAspectRatio=\"none\">\n\t<path class=\"elementor-shape-fill\" d=\"M0,6V0h1000v100L0,6z\"\/>\n<\/svg>\t\t<\/div>\n\t\t\t\t\t<div class=\"elementor-container elementor-column-gap-default\">\n\t\t\t\t\t<div class=\"elementor-column elementor-col-100 elementor-top-column elementor-element elementor-element-c554946\" data-id=\"c554946\" data-element_type=\"column\">\n\t\t\t<div class=\"elementor-widget-wrap elementor-element-populated\">\n\t\t\t\t\t\t<div class=\"elementor-element elementor-element-cfd5622 elementor-widget elementor-widget-heading\" data-id=\"cfd5622\" data-element_type=\"widget\" data-widget_type=\"heading.default\">\n\t\t\t\t<div class=\"elementor-widget-container\">\n\t\t\t\t\t<h2 class=\"elementor-heading-title elementor-size-default\">FITNESSBOXEN<\/h2>\t\t\t\t<\/div>\n\t\t\t\t<\/div>\n\t\t\t\t\t<\/div>\n\t\t<\/div>\n\t\t\t\t\t<\/div>\n\t\t<\/section>\n\t\t\t\t<section class=\"elementor-section elementor-top-section elementor-element elementor-element-54073f3 elementor-section-boxed elementor-section-height-default elementor-section-height-default wpr-particle-no wpr-jarallax-no wpr-parallax-no wpr-sticky-section-no\" data-id=\"54073f3\" data-element_type=\"section\" data-settings=\"{&quot;background_background&quot;:&quot;classic&quot;}\">\n\t\t\t\t\t\t<div class=\"elementor-container elementor-column-gap-default\">\n\t\t\t\t\t<div class=\"elementor-column elementor-col-100 elementor-top-column elementor-element elementor-element-e7ad056\" data-id=\"e7ad056\" data-element_type=\"column\">\n\t\t\t<div class=\"elementor-widget-wrap elementor-element-populated\">\n\t\t\t\t\t\t<div class=\"elementor-element elementor-element-e60c46a elementor-widget elementor-widget-text-editor\" data-id=\"e60c46a\" data-element_type=\"widget\" data-widget_type=\"text-editor.default\">\n\t\t\t\t<div class=\"elementor-widget-container\">\n\t\t\t\t\t\t\t\t\t<p>Frauen Fitnessboxen ist ein speziell auf Frauen zugeschnittener Fitness-Gruppenkurs. Dieses Kursangebot richtet sich an Frauen jeden Fitnesslevels und Alters, die ihre k\u00f6rperliche Fitness und Ausdauer verbessern m\u00f6chten.\u00a0<\/p><p>Erlerne einfache Schlagkombinationen, w\u00e4hrend du gleichzeitig Stress abbaust.\u00a0<\/p><p>Unsere erfahrenen TrainerInnen unterst\u00fctzen und motivieren dich in einer freundlichen und unterst\u00fctzenden Atmosph\u00e4re.<\/p>\t\t\t\t\t\t\t\t<\/div>\n\t\t\t\t<\/div>\n\t\t\t\t\t<\/div>\n\t\t<\/div>\n\t\t\t\t\t<\/div>\n\t\t<\/section>\n\t\t\t\t<\/div>\n\t\t","protected":false},"excerpt":{"rendered":"<p>FITNESSBOXEN Frauen Fitnessboxen ist ein speziell auf Frauen zugeschnittener Fitness-Gruppenkurs. Dieses Kursangebot richtet sich an Frauen jeden Fitnesslevels und Alters, die ihre k\u00f6rperliche Fitness und Ausdauer verbessern m\u00f6chten.\u00a0 Erlerne einfache Schlagkombinationen, w\u00e4hrend du gleichzeitig Stress abbaust.\u00a0 Unsere erfahrenen TrainerInnen unterst\u00fctzen und motivieren dich in einer freundlichen und unterst\u00fctzenden Atmosph\u00e4re.<\/p>\n","protected":false},"author":1,"featured_media":0,"parent":0,"menu_order":0,"comment_status":"closed","ping_status":"closed","template":"elementor_canvas","meta":{"footnotes":""},"class_list":["post-1558","page","type-page","status-publish","hentry"],"_links":{"self":[{"href":"https:\/\/www.moveon-luzern.ch\/index.php?rest_route=\/wp\/v2\/pages\/1558","targetHints":{"allow":["GET"]}}],"collection":[{"href":"https:\/\/www.moveon-luzern.ch\/index.php?rest_route=\/wp\/v2\/pages"}],"about":[{"href":"https:\/\/www.moveon-luzern.ch\/index.php?rest_route=\/wp\/v2\/types\/page"}],"author":[{"embeddable":true,"href":"https:\/\/www.moveon-luzern.ch\/index.php?rest_route=\/wp\/v2\/users\/1"}],"replies":[{"embeddable":true,"href":"https:\/\/www.moveon-luzern.ch\/index.php?rest_route=%2Fwp%2Fv2%2Fcomments&post=1558"}],"version-history":[{"count":10,"href":"https:\/\/www.moveon-luzern.ch\/index.php?rest_route=\/wp\/v2\/pages\/1558\/revisions"}],"predecessor-version":[{"id":3921,"href":"https:\/\/www.moveon-luzern.ch\/index.php?rest_route=\/wp\/v2\/pages\/1558\/revisions\/3921"}],"wp:attachment":[{"href":"https:\/\/www.moveon-luzern.ch\/index.php?rest_route=%2Fwp%2Fv2%2Fmedia&parent=1558"}],"curies":[{"name":"wp","href":"https:\/\/api.w.org\/{rel}","templated":true}]}}