{"id":1576,"date":"2023-03-27T07:15:44","date_gmt":"2023-03-27T07:15:44","guid":{"rendered":"https:\/\/www.moveon-luzern.ch\/?page_id=1576"},"modified":"2025-10-06T21:38:19","modified_gmt":"2025-10-06T21:38:19","slug":"zirkeltraining","status":"publish","type":"page","link":"https:\/\/www.moveon-luzern.ch\/?page_id=1576","title":{"rendered":"Zirkeltraining\u200b"},"content":{"rendered":"\t\t<div data-elementor-type=\"wp-page\" data-elementor-id=\"1576\" class=\"elementor elementor-1576\" data-elementor-post-type=\"page\">\n\t\t\t\t\t\t<section class=\"elementor-section elementor-top-section elementor-element elementor-element-db25d50 elementor-section-height-min-height elementor-section-boxed elementor-section-height-default elementor-section-items-middle wpr-particle-no wpr-jarallax-no wpr-parallax-no wpr-sticky-section-no\" data-id=\"db25d50\" data-element_type=\"section\" data-settings=\"{&quot;background_background&quot;:&quot;classic&quot;,&quot;shape_divider_bottom&quot;:&quot;tilt&quot;}\">\n\t\t\t\t\t\t\t<div class=\"elementor-background-overlay\"><\/div>\n\t\t\t\t\t\t<div class=\"elementor-shape elementor-shape-bottom\" aria-hidden=\"true\" data-negative=\"false\">\n\t\t\t<svg xmlns=\"http:\/\/www.w3.org\/2000\/svg\" viewBox=\"0 0 1000 100\" preserveAspectRatio=\"none\">\n\t<path class=\"elementor-shape-fill\" d=\"M0,6V0h1000v100L0,6z\"\/>\n<\/svg>\t\t<\/div>\n\t\t\t\t\t<div class=\"elementor-container elementor-column-gap-default\">\n\t\t\t\t\t<div class=\"elementor-column elementor-col-100 elementor-top-column elementor-element elementor-element-2a677e1\" data-id=\"2a677e1\" data-element_type=\"column\">\n\t\t\t<div class=\"elementor-widget-wrap elementor-element-populated\">\n\t\t\t\t\t\t<div class=\"elementor-element elementor-element-61d21f2 elementor-widget elementor-widget-heading\" data-id=\"61d21f2\" data-element_type=\"widget\" data-widget_type=\"heading.default\">\n\t\t\t\t<div class=\"elementor-widget-container\">\n\t\t\t\t\t<h2 class=\"elementor-heading-title elementor-size-default\">Zirkeltraining<\/h2>\t\t\t\t<\/div>\n\t\t\t\t<\/div>\n\t\t\t\t\t<\/div>\n\t\t<\/div>\n\t\t\t\t\t<\/div>\n\t\t<\/section>\n\t\t\t\t<section class=\"elementor-section elementor-top-section elementor-element elementor-element-b1e27f1 elementor-section-boxed elementor-section-height-default elementor-section-height-default wpr-particle-no wpr-jarallax-no wpr-parallax-no wpr-sticky-section-no\" data-id=\"b1e27f1\" data-element_type=\"section\" data-settings=\"{&quot;background_background&quot;:&quot;classic&quot;}\">\n\t\t\t\t\t\t<div class=\"elementor-container elementor-column-gap-default\">\n\t\t\t\t\t<div class=\"elementor-column elementor-col-100 elementor-top-column elementor-element elementor-element-101b5bf\" data-id=\"101b5bf\" data-element_type=\"column\">\n\t\t\t<div class=\"elementor-widget-wrap elementor-element-populated\">\n\t\t\t\t\t\t<div class=\"elementor-element elementor-element-084c755 elementor-widget elementor-widget-text-editor\" data-id=\"084c755\" data-element_type=\"widget\" data-widget_type=\"text-editor.default\">\n\t\t\t\t<div class=\"elementor-widget-container\">\n\t\t\t\t\t\t\t\t\t<div>Zirkeltraining ist eine effektive Trainingsmethode, bei der verschiedene \u00dcbungen in einem schnellen Wechsel hintereinander durchgef\u00fchrt werden. Dabei werden Kraft, Ausdauer und Koordination trainiert, ohne dass es langweilig wird. Jeder Teilnehmer kann das Tempo und die Intensit\u00e4t individuell anpassen, was das Training f\u00fcr Anf\u00e4nger wie Fortgeschrittene perfekt macht. \u00a0<\/div><div dir=\"auto\">\u00a0<\/div><div dir=\"auto\">Jetzt ist die beste Zeit, an deine Grenzen zu gehen und \u00fcber dich hinauszuwachsen! Egal, welches Fitnesslevel du hast \u2013 jeder Fortschritt z\u00e4hlt. Bleib dran, gib dein Bestes, und du wirst sp\u00fcren, wie du mit jedem Training st\u00e4rker wirst!<\/div>\t\t\t\t\t\t\t\t<\/div>\n\t\t\t\t<\/div>\n\t\t\t\t\t<\/div>\n\t\t<\/div>\n\t\t\t\t\t<\/div>\n\t\t<\/section>\n\t\t\t\t<\/div>\n\t\t","protected":false},"excerpt":{"rendered":"<p>Zirkeltraining Zirkeltraining ist eine effektive Trainingsmethode, bei der verschiedene \u00dcbungen in einem schnellen Wechsel hintereinander durchgef\u00fchrt werden. Dabei werden Kraft, Ausdauer und Koordination trainiert, ohne dass es langweilig wird. Jeder Teilnehmer kann das Tempo und die Intensit\u00e4t individuell anpassen, was das Training f\u00fcr Anf\u00e4nger wie Fortgeschrittene perfekt macht. \u00a0\u00a0Jetzt ist die beste Zeit, an deine Grenzen zu gehen und \u00fcber dich hinauszuwachsen! Egal, welches Fitnesslevel du hast \u2013 jeder Fortschritt z\u00e4hlt. Bleib dran, gib dein Bestes, und du wirst sp\u00fcren, wie du mit jedem Training st\u00e4rker wirst!<\/p>\n","protected":false},"author":1,"featured_media":0,"parent":0,"menu_order":0,"comment_status":"closed","ping_status":"closed","template":"elementor_canvas","meta":{"footnotes":""},"class_list":["post-1576","page","type-page","status-publish","hentry"],"_links":{"self":[{"href":"https:\/\/www.moveon-luzern.ch\/index.php?rest_route=\/wp\/v2\/pages\/1576","targetHints":{"allow":["GET"]}}],"collection":[{"href":"https:\/\/www.moveon-luzern.ch\/index.php?rest_route=\/wp\/v2\/pages"}],"about":[{"href":"https:\/\/www.moveon-luzern.ch\/index.php?rest_route=\/wp\/v2\/types\/page"}],"author":[{"embeddable":true,"href":"https:\/\/www.moveon-luzern.ch\/index.php?rest_route=\/wp\/v2\/users\/1"}],"replies":[{"embeddable":true,"href":"https:\/\/www.moveon-luzern.ch\/index.php?rest_route=%2Fwp%2Fv2%2Fcomments&post=1576"}],"version-history":[{"count":14,"href":"https:\/\/www.moveon-luzern.ch\/index.php?rest_route=\/wp\/v2\/pages\/1576\/revisions"}],"predecessor-version":[{"id":3918,"href":"https:\/\/www.moveon-luzern.ch\/index.php?rest_route=\/wp\/v2\/pages\/1576\/revisions\/3918"}],"wp:attachment":[{"href":"https:\/\/www.moveon-luzern.ch\/index.php?rest_route=%2Fwp%2Fv2%2Fmedia&parent=1576"}],"curies":[{"name":"wp","href":"https:\/\/api.w.org\/{rel}","templated":true}]}}