{"id":1585,"date":"2023-03-27T07:16:49","date_gmt":"2023-03-27T07:16:49","guid":{"rendered":"https:\/\/www.moveon-luzern.ch\/?page_id=1585"},"modified":"2025-10-06T21:40:07","modified_gmt":"2025-10-06T21:40:07","slug":"thaiboxen","status":"publish","type":"page","link":"https:\/\/www.moveon-luzern.ch\/?page_id=1585","title":{"rendered":"THAIBOXEN"},"content":{"rendered":"\t\t<div data-elementor-type=\"wp-page\" data-elementor-id=\"1585\" class=\"elementor elementor-1585\" data-elementor-post-type=\"page\">\n\t\t\t\t\t\t<section class=\"elementor-section elementor-top-section elementor-element elementor-element-fd8e1fe elementor-section-height-min-height elementor-section-boxed elementor-section-height-default elementor-section-items-middle wpr-particle-no wpr-jarallax-no wpr-parallax-no wpr-sticky-section-no\" data-id=\"fd8e1fe\" data-element_type=\"section\" data-settings=\"{&quot;background_background&quot;:&quot;classic&quot;,&quot;shape_divider_bottom&quot;:&quot;tilt&quot;}\">\n\t\t\t\t\t\t\t<div class=\"elementor-background-overlay\"><\/div>\n\t\t\t\t\t\t<div class=\"elementor-shape elementor-shape-bottom\" aria-hidden=\"true\" data-negative=\"false\">\n\t\t\t<svg xmlns=\"http:\/\/www.w3.org\/2000\/svg\" viewBox=\"0 0 1000 100\" preserveAspectRatio=\"none\">\n\t<path class=\"elementor-shape-fill\" d=\"M0,6V0h1000v100L0,6z\"\/>\n<\/svg>\t\t<\/div>\n\t\t\t\t\t<div class=\"elementor-container elementor-column-gap-default\">\n\t\t\t\t\t<div class=\"elementor-column elementor-col-100 elementor-top-column elementor-element elementor-element-8c1fdad\" data-id=\"8c1fdad\" data-element_type=\"column\">\n\t\t\t<div class=\"elementor-widget-wrap elementor-element-populated\">\n\t\t\t\t\t\t<div class=\"elementor-element elementor-element-c9764b7 elementor-widget elementor-widget-heading\" data-id=\"c9764b7\" data-element_type=\"widget\" data-widget_type=\"heading.default\">\n\t\t\t\t<div class=\"elementor-widget-container\">\n\t\t\t\t\t<h2 class=\"elementor-heading-title elementor-size-default\">MUAY THAI<\/h2>\t\t\t\t<\/div>\n\t\t\t\t<\/div>\n\t\t\t\t\t<\/div>\n\t\t<\/div>\n\t\t\t\t\t<\/div>\n\t\t<\/section>\n\t\t\t\t<section class=\"elementor-section elementor-top-section elementor-element elementor-element-a15e5fa elementor-section-boxed elementor-section-height-default elementor-section-height-default wpr-particle-no wpr-jarallax-no wpr-parallax-no wpr-sticky-section-no\" data-id=\"a15e5fa\" data-element_type=\"section\" data-settings=\"{&quot;background_background&quot;:&quot;classic&quot;}\">\n\t\t\t\t\t\t<div class=\"elementor-container elementor-column-gap-default\">\n\t\t\t\t\t<div class=\"elementor-column elementor-col-100 elementor-top-column elementor-element elementor-element-1c54800\" data-id=\"1c54800\" data-element_type=\"column\">\n\t\t\t<div class=\"elementor-widget-wrap elementor-element-populated\">\n\t\t\t\t\t\t<div class=\"elementor-element elementor-element-9fbda44 elementor-widget elementor-widget-text-editor\" data-id=\"9fbda44\" data-element_type=\"widget\" data-widget_type=\"text-editor.default\">\n\t\t\t\t<div class=\"elementor-widget-container\">\n\t\t\t\t\t\t\t\t\t<p>Im Eagle Muay Thai, hast du die M\u00f6glichkeit, Muay Thai (Thaiboxen) zu erlernen und deine Fitness auf ein neues Level zu bringen. Lass dir von Luan Rudaj dem zweifachen Muay Thai Weltmeister die Techniken dieser spannenden Sportart n\u00e4her bringen.\u00a0<\/p><p>Thaiboxen ist nicht nur ein effektives Ganzk\u00f6rper-Workout, sondern bietet auch zahlreiche weitere Vorteile f\u00fcr K\u00f6rper und Geist. Durch das Training verbesserst du deine Ausdauer, Kraft und Beweglichkeit und f\u00f6rderst zudem dein Selbstbewusstsein und deine mentale St\u00e4rke.<\/p><p>Im Training bei Eagle Muay Thai wirst du nicht nur k\u00f6rperlich gefordert, sondern auch mental unterst\u00fctzt und motiviert. Wir legen gro\u00dfen Wert auf eine angenehme und freundliche Atmosph\u00e4re, in der du dich wohl und sicher f\u00fchlen kannst.<\/p><p>Also komm vorbei und erlebe selbst, wie Thaiboxen dich fit und stark macht!<\/p>\t\t\t\t\t\t\t\t<\/div>\n\t\t\t\t<\/div>\n\t\t\t\t\t<\/div>\n\t\t<\/div>\n\t\t\t\t\t<\/div>\n\t\t<\/section>\n\t\t\t\t<\/div>\n\t\t","protected":false},"excerpt":{"rendered":"<p>MUAY THAI Im Eagle Muay Thai, hast du die M\u00f6glichkeit, Muay Thai (Thaiboxen) zu erlernen und deine Fitness auf ein neues Level zu bringen. Lass dir von Luan Rudaj dem zweifachen Muay Thai Weltmeister die Techniken dieser spannenden Sportart n\u00e4her bringen.\u00a0 Thaiboxen ist nicht nur ein effektives Ganzk\u00f6rper-Workout, sondern bietet auch zahlreiche weitere Vorteile f\u00fcr K\u00f6rper und Geist. Durch das Training verbesserst du deine Ausdauer, Kraft und Beweglichkeit und f\u00f6rderst zudem dein Selbstbewusstsein und deine mentale St\u00e4rke. Im Training bei Eagle Muay Thai wirst du nicht nur k\u00f6rperlich gefordert, sondern auch mental unterst\u00fctzt und motiviert. Wir legen gro\u00dfen Wert auf eine angenehme und freundliche Atmosph\u00e4re, in der du dich wohl und sicher f\u00fchlen kannst. Also komm vorbei und erlebe selbst, wie Thaiboxen dich fit und stark macht!<\/p>\n","protected":false},"author":1,"featured_media":0,"parent":0,"menu_order":0,"comment_status":"closed","ping_status":"closed","template":"elementor_canvas","meta":{"footnotes":""},"class_list":["post-1585","page","type-page","status-publish","hentry"],"_links":{"self":[{"href":"https:\/\/www.moveon-luzern.ch\/index.php?rest_route=\/wp\/v2\/pages\/1585","targetHints":{"allow":["GET"]}}],"collection":[{"href":"https:\/\/www.moveon-luzern.ch\/index.php?rest_route=\/wp\/v2\/pages"}],"about":[{"href":"https:\/\/www.moveon-luzern.ch\/index.php?rest_route=\/wp\/v2\/types\/page"}],"author":[{"embeddable":true,"href":"https:\/\/www.moveon-luzern.ch\/index.php?rest_route=\/wp\/v2\/users\/1"}],"replies":[{"embeddable":true,"href":"https:\/\/www.moveon-luzern.ch\/index.php?rest_route=%2Fwp%2Fv2%2Fcomments&post=1585"}],"version-history":[{"count":16,"href":"https:\/\/www.moveon-luzern.ch\/index.php?rest_route=\/wp\/v2\/pages\/1585\/revisions"}],"predecessor-version":[{"id":3933,"href":"https:\/\/www.moveon-luzern.ch\/index.php?rest_route=\/wp\/v2\/pages\/1585\/revisions\/3933"}],"wp:attachment":[{"href":"https:\/\/www.moveon-luzern.ch\/index.php?rest_route=%2Fwp%2Fv2%2Fmedia&parent=1585"}],"curies":[{"name":"wp","href":"https:\/\/api.w.org\/{rel}","templated":true}]}}